{"id":586,"date":"2025-06-13T06:43:00","date_gmt":"2025-06-13T06:43:00","guid":{"rendered":"https:\/\/bioclinic.yousoftcompany.com\/test2\/?post_type=product&#038;p=586"},"modified":"2025-06-30T08:19:52","modified_gmt":"2025-06-30T08:19:52","slug":"e-p-t-q","status":"publish","type":"product","link":"https:\/\/bioclinic.yousoftcompany.com\/test2\/product\/e-p-t-q\/","title":{"rendered":"e.p.t.q"},"content":{"rendered":"<article class=\"text-token-text-primary w-full\" dir=\"auto\" data-testid=\"conversation-turn-42\" data-scroll-anchor=\"false\">\n<div class=\"text-base my-auto mx-auto py-5 [--thread-content-margin:--spacing(4)] @[37rem]:[--thread-content-margin:--spacing(6)] @[72rem]:[--thread-content-margin:--spacing(16)] px-(--thread-content-margin)\">\n<div class=\"[--thread-content-max-width:32rem] @[34rem]:[--thread-content-max-width:40rem] @[64rem]:[--thread-content-max-width:48rem] mx-auto flex max-w-(--thread-content-max-width) flex-1 text-base gap-4 md:gap-5 lg:gap-6 group\/turn-messages focus-visible:outline-hidden\" tabindex=\"-1\">\n<div class=\"group\/conversation-turn relative flex w-full min-w-0 flex-col agent-turn\">\n<div class=\"relative flex-col gap-1 md:gap-3\">\n<div class=\"flex max-w-full flex-col grow\">\n<div class=\"min-h-8 text-message relative flex w-full flex-col items-end gap-2 text-start break-words whitespace-normal [.text-message+&amp;]:mt-5\" dir=\"auto\" data-message-author-role=\"assistant\" data-message-id=\"1b1f31b3-2796-4319-a8a3-7f2940428def\" data-message-model-slug=\"gpt-4-1-mini\">\n<div class=\"flex w-full flex-col gap-1 empty:hidden first:pt-[3px]\">\n<div class=\"markdown prose dark:prose-invert w-full break-words dark\">\n<p data-start=\"137\" data-end=\"414\">e.p.t.q.\u00ae es un relleno d\u00e9rmico de \u00e1cido hialur\u00f3nico fabricado con tecnolog\u00eda 2CM (Two Crosslinking Method), que combina entrecruzamientos f\u00edsico y qu\u00edmico para ofrecer alta viscoelasticidad y cohesividad con m\u00ednima cantidad de BDDE, garantizando un producto seguro y efectivo.<\/p>\n<p data-start=\"416\" data-end=\"446\"><strong data-start=\"416\" data-end=\"444\">Tecnolog\u00edas principales:<\/strong><\/p>\n<ul data-start=\"447\" data-end=\"663\">\n<li data-start=\"447\" data-end=\"564\">\n<p data-start=\"449\" data-end=\"564\"><strong data-start=\"449\" data-end=\"469\">ZEEP Technology:<\/strong> Mantiene endotoxinas por debajo de 0.1 EU\/mL y asegura ausencia de BDDE residual detectable.<\/p>\n<\/li>\n<li data-start=\"565\" data-end=\"663\">\n<p data-start=\"567\" data-end=\"663\"><strong data-start=\"567\" data-end=\"585\">THE 9 PROCESS:<\/strong> Proceso de fabricaci\u00f3n con nueve est\u00e1ndares de calidad para m\u00e1xima seguridad.<\/p>\n<\/li>\n<\/ul>\n<p data-start=\"665\" data-end=\"698\"><strong data-start=\"665\" data-end=\"696\">Presentaciones disponibles:<\/strong><\/p>\n<ul data-start=\"699\" data-end=\"883\">\n<li data-start=\"699\" data-end=\"755\">\n<p data-start=\"701\" data-end=\"755\"><strong data-start=\"701\" data-end=\"721\">S 100 Lidoca\u00edna:<\/strong> Para inyecci\u00f3n en dermis media.<\/p>\n<\/li>\n<li data-start=\"756\" data-end=\"815\">\n<p data-start=\"758\" data-end=\"815\"><strong data-start=\"758\" data-end=\"778\">S 300 Lidoca\u00edna:<\/strong> Para inyecci\u00f3n en dermis profunda.<\/p>\n<\/li>\n<li data-start=\"816\" data-end=\"883\">\n<p data-start=\"818\" data-end=\"883\"><strong data-start=\"818\" data-end=\"838\">S 500 Lidoca\u00edna:<\/strong> Para inyecci\u00f3n subcut\u00e1nea o supraperi\u00f3stica.<\/p>\n<\/li>\n<\/ul>\n<p data-start=\"885\" data-end=\"947\"><strong data-start=\"885\" data-end=\"901\">Composici\u00f3n:<\/strong><br data-start=\"901\" data-end=\"904\" \/>\u00c1cido Hialur\u00f3nico 24 mg\/ml, Lidoca\u00edna 0.3%.<\/p>\n<p data-start=\"949\" data-end=\"1155\" data-is-last-node=\"\" data-is-only-node=\"\"><strong data-start=\"949\" data-end=\"974\">\u00c1reas de tratamiento:<\/strong><br data-start=\"974\" data-end=\"977\" \/>Dise\u00f1ado para el mejoramiento temporal de arrugas faciales en adultos, con indicaci\u00f3n seg\u00fan profundidad de inyecci\u00f3n: dermis media, profunda o capas subcut\u00e1neas\/supraperi\u00f3sticas.<\/p>\n<\/div>\n<\/div>\n<\/div>\n<\/div>\n<div class=\"flex min-h-[46px] justify-start\">\n<div class=\"touch:-me-2 touch:-ms-3.5 -ms-2.5 -me-1 flex flex-wrap items-center gap-y-4 p-1 select-none touch:w-[calc(100%+--spacing(3.5))] -mt-1 w-[calc(100%+--spacing(2.5))] duration-[1.5s] focus-within:transition-none hover:transition-none pointer-events-none [mask-image:linear-gradient(to_right,black_33%,transparent_66%)] [mask-size:300%_100%] [mask-position:100%_0%] motion-safe:transition-[mask-position] group-hover\/turn-messages:pointer-events-auto group-hover\/turn-messages:[mask-position:0_0] group-focus-within\/turn-messages:pointer-events-auto group-focus-within\/turn-messages:[mask-position:0_0] has-data-[state=open]:pointer-events-auto has-data-[state=open]:[mask-position:0_0]\"><button class=\"text-token-text-secondary hover:bg-token-bg-secondary rounded-lg\" aria-label=\"Copiar\" aria-selected=\"false\" data-testid=\"copy-turn-action-button\" data-state=\"closed\"><\/button><button class=\"text-token-text-secondary hover:bg-token-bg-secondary rounded-lg\" aria-label=\"Respuesta adecuada\" aria-selected=\"false\" data-testid=\"good-response-turn-action-button\" data-state=\"closed\"><\/button><button class=\"text-token-text-secondary hover:bg-token-bg-secondary rounded-lg\" aria-label=\"Respuesta inadecuada\" aria-selected=\"false\" data-testid=\"bad-response-turn-action-button\" data-state=\"closed\"><\/button><button class=\"text-token-text-secondary hover:bg-token-bg-secondary rounded-lg\" aria-label=\"Leer en voz alta\" aria-selected=\"false\" data-testid=\"voice-play-turn-action-button\" data-state=\"closed\"><\/button><button class=\"text-token-text-secondary hover:bg-token-bg-secondary rounded-lg\" aria-label=\"Editar en el lienzo\" aria-selected=\"false\" data-state=\"closed\"><\/button><\/p>\n<div class=\"flex items-center\"><\/div>\n<p><button class=\"text-token-text-secondary hover:bg-token-bg-secondary rounded-lg\" aria-label=\"Compartir\" aria-selected=\"false\" data-state=\"closed\"><\/button><\/div>\n<\/div>\n<\/div>\n<div class=\"aria-live=polite absolute\">\n<div class=\"flex items-center justify-center\"><span class=\"flex items-center gap-1.5\"><span class=\"sr-only whitespace-nowrap! md:not-sr-only\">Preguntar a ChatGPT<\/span><\/span><\/div>\n<\/div>\n<\/div>\n<\/div>\n<\/div>\n<\/article>\n<article class=\"text-token-text-primary w-full\" dir=\"auto\" data-testid=\"conversation-turn-43\" data-scroll-anchor=\"false\">\n<h5 class=\"sr-only\"><\/h5>\n<\/article>\n","protected":false},"excerpt":{"rendered":"<p data-start=\"39\" data-end=\"135\"><strong data-start=\"39\" data-end=\"135\">Relleno d\u00e9rmico avanzado a base de \u00e1cido hialur\u00f3nico para el tratamiento de arrugas faciales<\/strong><\/p>\n<p data-start=\"137\" data-end=\"414\">\n","protected":false},"featured_media":604,"comment_status":"open","ping_status":"closed","template":"","meta":{"site-sidebar-layout":"default","site-content-layout":"","ast-site-content-layout":"","site-content-style":"default","site-sidebar-style":"default","ast-global-header-display":"","ast-banner-title-visibility":"","ast-main-header-display":"","ast-hfb-above-header-display":"","ast-hfb-below-header-display":"","ast-hfb-mobile-header-display":"","site-post-title":"","ast-breadcrumbs-content":"","ast-featured-img":"","footer-sml-layout":"","theme-transparent-header-meta":"","adv-header-id-meta":"","stick-header-meta":"","header-above-stick-meta":"","header-main-stick-meta":"","header-below-stick-meta":"","astra-migrate-meta-layouts":"default","ast-page-background-enabled":"default","ast-page-background-meta":{"desktop":{"background-color":"var(--ast-global-color-4)","background-image":"","background-repeat":"repeat","background-position":"center center","background-size":"auto","background-attachment":"scroll","background-type":"","background-media":"","overlay-type":"","overlay-color":"","overlay-opacity":"","overlay-gradient":""},"tablet":{"background-color":"","background-image":"","background-repeat":"repeat","background-position":"center center","background-size":"auto","background-attachment":"scroll","background-type":"","background-media":"","overlay-type":"","overlay-color":"","overlay-opacity":"","overlay-gradient":""},"mobile":{"background-color":"","background-image":"","background-repeat":"repeat","background-position":"center center","background-size":"auto","background-attachment":"scroll","background-type":"","background-media":"","overlay-type":"","overlay-color":"","overlay-opacity":"","overlay-gradient":""}},"ast-content-background-meta":{"desktop":{"background-color":"var(--ast-global-color-5)","background-image":"","background-repeat":"repeat","background-position":"center center","background-size":"auto","background-attachment":"scroll","background-type":"","background-media":"","overlay-type":"","overlay-color":"","overlay-opacity":"","overlay-gradient":""},"tablet":{"background-color":"var(--ast-global-color-5)","background-image":"","background-repeat":"repeat","background-position":"center center","background-size":"auto","background-attachment":"scroll","background-type":"","background-media":"","overlay-type":"","overlay-color":"","overlay-opacity":"","overlay-gradient":""},"mobile":{"background-color":"var(--ast-global-color-5)","background-image":"","background-repeat":"repeat","background-position":"center center","background-size":"auto","background-attachment":"scroll","background-type":"","background-media":"","overlay-type":"","overlay-color":"","overlay-opacity":"","overlay-gradient":""}}},"product_brand":[],"product_cat":[15],"product_tag":[],"class_list":{"0":"post-586","1":"product","2":"type-product","3":"status-publish","4":"has-post-thumbnail","6":"product_cat-todos","7":"desktop-align-center","8":"tablet-align-center","9":"mobile-align-center","11":"first","12":"instock","13":"shipping-taxable","14":"product-type-simple"},"_links":{"self":[{"href":"https:\/\/bioclinic.yousoftcompany.com\/test2\/wp-json\/wp\/v2\/product\/586","targetHints":{"allow":["GET"]}}],"collection":[{"href":"https:\/\/bioclinic.yousoftcompany.com\/test2\/wp-json\/wp\/v2\/product"}],"about":[{"href":"https:\/\/bioclinic.yousoftcompany.com\/test2\/wp-json\/wp\/v2\/types\/product"}],"replies":[{"embeddable":true,"href":"https:\/\/bioclinic.yousoftcompany.com\/test2\/wp-json\/wp\/v2\/comments?post=586"}],"wp:featuredmedia":[{"embeddable":true,"href":"https:\/\/bioclinic.yousoftcompany.com\/test2\/wp-json\/wp\/v2\/media\/604"}],"wp:attachment":[{"href":"https:\/\/bioclinic.yousoftcompany.com\/test2\/wp-json\/wp\/v2\/media?parent=586"}],"wp:term":[{"taxonomy":"product_brand","embeddable":true,"href":"https:\/\/bioclinic.yousoftcompany.com\/test2\/wp-json\/wp\/v2\/product_brand?post=586"},{"taxonomy":"product_cat","embeddable":true,"href":"https:\/\/bioclinic.yousoftcompany.com\/test2\/wp-json\/wp\/v2\/product_cat?post=586"},{"taxonomy":"product_tag","embeddable":true,"href":"https:\/\/bioclinic.yousoftcompany.com\/test2\/wp-json\/wp\/v2\/product_tag?post=586"}],"curies":[{"name":"wp","href":"https:\/\/api.w.org\/{rel}","templated":true}]}}