{"id":583,"date":"2025-06-13T06:43:00","date_gmt":"2025-06-13T06:43:00","guid":{"rendered":"https:\/\/bioclinic.yousoftcompany.com\/test2\/?post_type=product&#038;p=583"},"modified":"2025-06-30T08:19:52","modified_gmt":"2025-06-30T08:19:52","slug":"sd-peel","status":"publish","type":"product","link":"https:\/\/bioclinic.yousoftcompany.com\/test2\/product\/sd-peel\/","title":{"rendered":"SD PEEL"},"content":{"rendered":"<p data-start=\"90\" data-end=\"383\">SD PEEL es un peeling qu\u00edmico suave dise\u00f1ado para mejorar la textura, luminosidad y uniformidad de la piel. Ideal para tratar arrugas finas, manchas, poros dilatados y pieles con queratinizaci\u00f3n excesiva, tambi\u00e9n prepara la piel para potenciar resultados en tratamientos est\u00e9ticos posteriores.<\/p>\n<p data-start=\"385\" data-end=\"696\">Su f\u00f3rmula con \u00e1cido mand\u00e9lico y \u00e1cido l\u00e1ctico al 5% exfolia delicadamente, elimina c\u00e9lulas muertas y estimula la renovaci\u00f3n celular sin irritar. Regula la producci\u00f3n de sebo, desbloquea poros y aten\u00faa imperfecciones, logrando una piel visiblemente rejuvenecida y m\u00e1s uniforme, con la barrera cut\u00e1nea protegida.<\/p>\n<p data-start=\"698\" data-end=\"762\" data-is-last-node=\"\" data-is-only-node=\"\"><strong data-start=\"698\" data-end=\"722\">Activos principales:<\/strong><br data-start=\"722\" data-end=\"725\" \/>\u00c1cido Mand\u00e9lico 5%, \u00c1cido L\u00e1ctico 5%.<\/p>\n","protected":false},"excerpt":{"rendered":"<p data-start=\"14\" data-end=\"88\"><strong data-start=\"14\" data-end=\"88\">Exfoliaci\u00f3n controlada para una piel m\u00e1s luminosa, uniforme y renovada<\/strong><\/p>\n<p data-start=\"90\" data-end=\"383\">\n","protected":false},"featured_media":601,"comment_status":"open","ping_status":"closed","template":"","meta":{"site-sidebar-layout":"default","site-content-layout":"","ast-site-content-layout":"","site-content-style":"default","site-sidebar-style":"default","ast-global-header-display":"","ast-banner-title-visibility":"","ast-main-header-display":"","ast-hfb-above-header-display":"","ast-hfb-below-header-display":"","ast-hfb-mobile-header-display":"","site-post-title":"","ast-breadcrumbs-content":"","ast-featured-img":"","footer-sml-layout":"","theme-transparent-header-meta":"","adv-header-id-meta":"","stick-header-meta":"","header-above-stick-meta":"","header-main-stick-meta":"","header-below-stick-meta":"","astra-migrate-meta-layouts":"default","ast-page-background-enabled":"default","ast-page-background-meta":{"desktop":{"background-color":"var(--ast-global-color-4)","background-image":"","background-repeat":"repeat","background-position":"center center","background-size":"auto","background-attachment":"scroll","background-type":"","background-media":"","overlay-type":"","overlay-color":"","overlay-opacity":"","overlay-gradient":""},"tablet":{"background-color":"","background-image":"","background-repeat":"repeat","background-position":"center center","background-size":"auto","background-attachment":"scroll","background-type":"","background-media":"","overlay-type":"","overlay-color":"","overlay-opacity":"","overlay-gradient":""},"mobile":{"background-color":"","background-image":"","background-repeat":"repeat","background-position":"center center","background-size":"auto","background-attachment":"scroll","background-type":"","background-media":"","overlay-type":"","overlay-color":"","overlay-opacity":"","overlay-gradient":""}},"ast-content-background-meta":{"desktop":{"background-color":"var(--ast-global-color-5)","background-image":"","background-repeat":"repeat","background-position":"center center","background-size":"auto","background-attachment":"scroll","background-type":"","background-media":"","overlay-type":"","overlay-color":"","overlay-opacity":"","overlay-gradient":""},"tablet":{"background-color":"var(--ast-global-color-5)","background-image":"","background-repeat":"repeat","background-position":"center center","background-size":"auto","background-attachment":"scroll","background-type":"","background-media":"","overlay-type":"","overlay-color":"","overlay-opacity":"","overlay-gradient":""},"mobile":{"background-color":"var(--ast-global-color-5)","background-image":"","background-repeat":"repeat","background-position":"center center","background-size":"auto","background-attachment":"scroll","background-type":"","background-media":"","overlay-type":"","overlay-color":"","overlay-opacity":"","overlay-gradient":""}}},"product_brand":[],"product_cat":[15],"product_tag":[],"class_list":{"0":"post-583","1":"product","2":"type-product","3":"status-publish","4":"has-post-thumbnail","6":"product_cat-todos","7":"desktop-align-center","8":"tablet-align-center","9":"mobile-align-center","11":"first","12":"instock","13":"shipping-taxable","14":"product-type-simple"},"_links":{"self":[{"href":"https:\/\/bioclinic.yousoftcompany.com\/test2\/wp-json\/wp\/v2\/product\/583","targetHints":{"allow":["GET"]}}],"collection":[{"href":"https:\/\/bioclinic.yousoftcompany.com\/test2\/wp-json\/wp\/v2\/product"}],"about":[{"href":"https:\/\/bioclinic.yousoftcompany.com\/test2\/wp-json\/wp\/v2\/types\/product"}],"replies":[{"embeddable":true,"href":"https:\/\/bioclinic.yousoftcompany.com\/test2\/wp-json\/wp\/v2\/comments?post=583"}],"wp:featuredmedia":[{"embeddable":true,"href":"https:\/\/bioclinic.yousoftcompany.com\/test2\/wp-json\/wp\/v2\/media\/601"}],"wp:attachment":[{"href":"https:\/\/bioclinic.yousoftcompany.com\/test2\/wp-json\/wp\/v2\/media?parent=583"}],"wp:term":[{"taxonomy":"product_brand","embeddable":true,"href":"https:\/\/bioclinic.yousoftcompany.com\/test2\/wp-json\/wp\/v2\/product_brand?post=583"},{"taxonomy":"product_cat","embeddable":true,"href":"https:\/\/bioclinic.yousoftcompany.com\/test2\/wp-json\/wp\/v2\/product_cat?post=583"},{"taxonomy":"product_tag","embeddable":true,"href":"https:\/\/bioclinic.yousoftcompany.com\/test2\/wp-json\/wp\/v2\/product_tag?post=583"}],"curies":[{"name":"wp","href":"https:\/\/api.w.org\/{rel}","templated":true}]}}