{"id":581,"date":"2025-06-13T06:43:00","date_gmt":"2025-06-13T06:43:00","guid":{"rendered":"https:\/\/bioclinic.yousoftcompany.com\/test2\/?post_type=product&#038;p=581"},"modified":"2025-06-30T08:19:52","modified_gmt":"2025-06-30T08:19:52","slug":"espuma-higienizante-rbc","status":"publish","type":"product","link":"https:\/\/bioclinic.yousoftcompany.com\/test2\/product\/espuma-higienizante-rbc\/","title":{"rendered":"Espuma Higienizante RBC"},"content":{"rendered":"<p data-start=\"84\" data-end=\"426\">La Espuma Higienizante RBC est\u00e1 formulada para eliminar impurezas, exceso de sebo y restos de maquillaje sin alterar la barrera cut\u00e1nea. Ideal para pieles sensibles, reactivas o en tratamientos est\u00e9ticos y m\u00e9dicos, prepara la piel para optimizar la absorci\u00f3n de activos y potenciar resultados en protocolos como peelings, mesoterapia y l\u00e1ser.<\/p>\n<p data-start=\"428\" data-end=\"706\">Su textura ligera y de f\u00e1cil enjuague limpia profundamente mientras mantiene la hidrataci\u00f3n y calma la piel. Enriquecida con extracto de manzanilla y agentes suaves, preserva el equilibrio natural y fortalece la microbiota cut\u00e1nea, dejando la piel fresca, saludable y protegida.<\/p>\n<p data-start=\"708\" data-end=\"829\" data-is-last-node=\"\" data-is-only-node=\"\"><strong data-start=\"708\" data-end=\"732\">Activos principales:<\/strong><br data-start=\"732\" data-end=\"735\" \/>Extracto de manzanilla, glicerina, cocamidopropyl betaine, decyl glucoside, sodium levulinate.<\/p>\n","protected":false},"excerpt":{"rendered":"<p data-start=\"30\" data-end=\"82\"><strong data-start=\"30\" data-end=\"82\">Limpieza profunda y suave para todo tipo de piel<\/strong><\/p>\n<p data-start=\"84\" data-end=\"426\">\n","protected":false},"featured_media":599,"comment_status":"open","ping_status":"closed","template":"","meta":{"site-sidebar-layout":"default","site-content-layout":"","ast-site-content-layout":"","site-content-style":"default","site-sidebar-style":"default","ast-global-header-display":"","ast-banner-title-visibility":"","ast-main-header-display":"","ast-hfb-above-header-display":"","ast-hfb-below-header-display":"","ast-hfb-mobile-header-display":"","site-post-title":"","ast-breadcrumbs-content":"","ast-featured-img":"","footer-sml-layout":"","theme-transparent-header-meta":"","adv-header-id-meta":"","stick-header-meta":"","header-above-stick-meta":"","header-main-stick-meta":"","header-below-stick-meta":"","astra-migrate-meta-layouts":"default","ast-page-background-enabled":"default","ast-page-background-meta":{"desktop":{"background-color":"var(--ast-global-color-4)","background-image":"","background-repeat":"repeat","background-position":"center center","background-size":"auto","background-attachment":"scroll","background-type":"","background-media":"","overlay-type":"","overlay-color":"","overlay-opacity":"","overlay-gradient":""},"tablet":{"background-color":"","background-image":"","background-repeat":"repeat","background-position":"center center","background-size":"auto","background-attachment":"scroll","background-type":"","background-media":"","overlay-type":"","overlay-color":"","overlay-opacity":"","overlay-gradient":""},"mobile":{"background-color":"","background-image":"","background-repeat":"repeat","background-position":"center center","background-size":"auto","background-attachment":"scroll","background-type":"","background-media":"","overlay-type":"","overlay-color":"","overlay-opacity":"","overlay-gradient":""}},"ast-content-background-meta":{"desktop":{"background-color":"var(--ast-global-color-5)","background-image":"","background-repeat":"repeat","background-position":"center center","background-size":"auto","background-attachment":"scroll","background-type":"","background-media":"","overlay-type":"","overlay-color":"","overlay-opacity":"","overlay-gradient":""},"tablet":{"background-color":"var(--ast-global-color-5)","background-image":"","background-repeat":"repeat","background-position":"center center","background-size":"auto","background-attachment":"scroll","background-type":"","background-media":"","overlay-type":"","overlay-color":"","overlay-opacity":"","overlay-gradient":""},"mobile":{"background-color":"var(--ast-global-color-5)","background-image":"","background-repeat":"repeat","background-position":"center center","background-size":"auto","background-attachment":"scroll","background-type":"","background-media":"","overlay-type":"","overlay-color":"","overlay-opacity":"","overlay-gradient":""}}},"product_brand":[],"product_cat":[15],"product_tag":[],"class_list":{"0":"post-581","1":"product","2":"type-product","3":"status-publish","4":"has-post-thumbnail","6":"product_cat-todos","7":"desktop-align-center","8":"tablet-align-center","9":"mobile-align-center","11":"first","12":"instock","13":"shipping-taxable","14":"product-type-simple"},"_links":{"self":[{"href":"https:\/\/bioclinic.yousoftcompany.com\/test2\/wp-json\/wp\/v2\/product\/581","targetHints":{"allow":["GET"]}}],"collection":[{"href":"https:\/\/bioclinic.yousoftcompany.com\/test2\/wp-json\/wp\/v2\/product"}],"about":[{"href":"https:\/\/bioclinic.yousoftcompany.com\/test2\/wp-json\/wp\/v2\/types\/product"}],"replies":[{"embeddable":true,"href":"https:\/\/bioclinic.yousoftcompany.com\/test2\/wp-json\/wp\/v2\/comments?post=581"}],"wp:featuredmedia":[{"embeddable":true,"href":"https:\/\/bioclinic.yousoftcompany.com\/test2\/wp-json\/wp\/v2\/media\/599"}],"wp:attachment":[{"href":"https:\/\/bioclinic.yousoftcompany.com\/test2\/wp-json\/wp\/v2\/media?parent=581"}],"wp:term":[{"taxonomy":"product_brand","embeddable":true,"href":"https:\/\/bioclinic.yousoftcompany.com\/test2\/wp-json\/wp\/v2\/product_brand?post=581"},{"taxonomy":"product_cat","embeddable":true,"href":"https:\/\/bioclinic.yousoftcompany.com\/test2\/wp-json\/wp\/v2\/product_cat?post=581"},{"taxonomy":"product_tag","embeddable":true,"href":"https:\/\/bioclinic.yousoftcompany.com\/test2\/wp-json\/wp\/v2\/product_tag?post=581"}],"curies":[{"name":"wp","href":"https:\/\/api.w.org\/{rel}","templated":true}]}}