{"id":574,"date":"2025-06-13T06:43:00","date_gmt":"2025-06-13T06:43:00","guid":{"rendered":"https:\/\/bioclinic.yousoftcompany.com\/test2\/?post_type=product&#038;p=574"},"modified":"2025-06-30T08:15:20","modified_gmt":"2025-06-30T08:15:20","slug":"probio-sk-cream","status":"publish","type":"product","link":"https:\/\/bioclinic.yousoftcompany.com\/test2\/product\/probio-sk-cream\/","title":{"rendered":"Probio SK Cream"},"content":{"rendered":"<p data-start=\"97\" data-end=\"419\">Probio SK Cream est\u00e1 formulada para apoyar el tratamiento domiciliario y en cabina de afecciones cut\u00e1neas como acn\u00e9, ros\u00e1cea, dermatitis at\u00f3pica y psoriasis. Ideal para pieles sensibles o da\u00f1adas, ayuda a regenerar, calmar irritaciones y fortalecer la barrera cut\u00e1nea, mejorando visiblemente la textura y salud de la piel.<\/p>\n<p data-start=\"421\" data-end=\"648\">Su f\u00f3rmula equilibrante con probi\u00f3ticos, factores de crecimiento y extractos bot\u00e1nicos hidrata profundamente, restaura la microbiota cut\u00e1nea y reduce las molestias, dejando una piel suave, saludable y protegida para uso diario.<\/p>\n<p data-start=\"650\" data-end=\"831\" data-is-last-node=\"\" data-is-only-node=\"\"><strong data-start=\"650\" data-end=\"674\">Activos principales:<\/strong><br data-start=\"674\" data-end=\"677\" \/>Lactococcus Ferment Lysate, Factor de Crecimiento Epid\u00e9rmico (EGF), Biosaccharide Gum-2, Extracto de Cal\u00e9ndula, Extractos de Canela, Jengibre y Pimpinela.<\/p>\n","protected":false},"excerpt":{"rendered":"<p data-start=\"22\" data-end=\"95\"><strong data-start=\"22\" data-end=\"95\">Crema regeneradora para pieles sensibles, irritadas y desequilibradas<\/strong><\/p>\n<p data-start=\"97\" data-end=\"419\">\n","protected":false},"featured_media":593,"comment_status":"open","ping_status":"closed","template":"","meta":{"site-sidebar-layout":"default","site-content-layout":"","ast-site-content-layout":"","site-content-style":"default","site-sidebar-style":"default","ast-global-header-display":"","ast-banner-title-visibility":"","ast-main-header-display":"","ast-hfb-above-header-display":"","ast-hfb-below-header-display":"","ast-hfb-mobile-header-display":"","site-post-title":"","ast-breadcrumbs-content":"","ast-featured-img":"","footer-sml-layout":"","theme-transparent-header-meta":"","adv-header-id-meta":"","stick-header-meta":"","header-above-stick-meta":"","header-main-stick-meta":"","header-below-stick-meta":"","astra-migrate-meta-layouts":"default","ast-page-background-enabled":"default","ast-page-background-meta":{"desktop":{"background-color":"var(--ast-global-color-4)","background-image":"","background-repeat":"repeat","background-position":"center center","background-size":"auto","background-attachment":"scroll","background-type":"","background-media":"","overlay-type":"","overlay-color":"","overlay-opacity":"","overlay-gradient":""},"tablet":{"background-color":"","background-image":"","background-repeat":"repeat","background-position":"center center","background-size":"auto","background-attachment":"scroll","background-type":"","background-media":"","overlay-type":"","overlay-color":"","overlay-opacity":"","overlay-gradient":""},"mobile":{"background-color":"","background-image":"","background-repeat":"repeat","background-position":"center center","background-size":"auto","background-attachment":"scroll","background-type":"","background-media":"","overlay-type":"","overlay-color":"","overlay-opacity":"","overlay-gradient":""}},"ast-content-background-meta":{"desktop":{"background-color":"var(--ast-global-color-5)","background-image":"","background-repeat":"repeat","background-position":"center center","background-size":"auto","background-attachment":"scroll","background-type":"","background-media":"","overlay-type":"","overlay-color":"","overlay-opacity":"","overlay-gradient":""},"tablet":{"background-color":"var(--ast-global-color-5)","background-image":"","background-repeat":"repeat","background-position":"center center","background-size":"auto","background-attachment":"scroll","background-type":"","background-media":"","overlay-type":"","overlay-color":"","overlay-opacity":"","overlay-gradient":""},"mobile":{"background-color":"var(--ast-global-color-5)","background-image":"","background-repeat":"repeat","background-position":"center center","background-size":"auto","background-attachment":"scroll","background-type":"","background-media":"","overlay-type":"","overlay-color":"","overlay-opacity":"","overlay-gradient":""}}},"product_brand":[],"product_cat":[15],"product_tag":[],"class_list":{"0":"post-574","1":"product","2":"type-product","3":"status-publish","4":"has-post-thumbnail","6":"product_cat-todos","7":"desktop-align-center","8":"tablet-align-center","9":"mobile-align-center","11":"first","12":"instock","13":"shipping-taxable","14":"product-type-simple"},"_links":{"self":[{"href":"https:\/\/bioclinic.yousoftcompany.com\/test2\/wp-json\/wp\/v2\/product\/574","targetHints":{"allow":["GET"]}}],"collection":[{"href":"https:\/\/bioclinic.yousoftcompany.com\/test2\/wp-json\/wp\/v2\/product"}],"about":[{"href":"https:\/\/bioclinic.yousoftcompany.com\/test2\/wp-json\/wp\/v2\/types\/product"}],"replies":[{"embeddable":true,"href":"https:\/\/bioclinic.yousoftcompany.com\/test2\/wp-json\/wp\/v2\/comments?post=574"}],"wp:featuredmedia":[{"embeddable":true,"href":"https:\/\/bioclinic.yousoftcompany.com\/test2\/wp-json\/wp\/v2\/media\/593"}],"wp:attachment":[{"href":"https:\/\/bioclinic.yousoftcompany.com\/test2\/wp-json\/wp\/v2\/media?parent=574"}],"wp:term":[{"taxonomy":"product_brand","embeddable":true,"href":"https:\/\/bioclinic.yousoftcompany.com\/test2\/wp-json\/wp\/v2\/product_brand?post=574"},{"taxonomy":"product_cat","embeddable":true,"href":"https:\/\/bioclinic.yousoftcompany.com\/test2\/wp-json\/wp\/v2\/product_cat?post=574"},{"taxonomy":"product_tag","embeddable":true,"href":"https:\/\/bioclinic.yousoftcompany.com\/test2\/wp-json\/wp\/v2\/product_tag?post=574"}],"curies":[{"name":"wp","href":"https:\/\/api.w.org\/{rel}","templated":true}]}}