{"id":569,"date":"2025-06-13T06:43:00","date_gmt":"2025-06-13T06:43:00","guid":{"rendered":"https:\/\/bioclinic.yousoftcompany.com\/test2\/?post_type=product&#038;p=569"},"modified":"2025-06-30T08:15:20","modified_gmt":"2025-06-30T08:15:20","slug":"ha-hydro","status":"publish","type":"product","link":"https:\/\/bioclinic.yousoftcompany.com\/test2\/product\/ha-hydro\/","title":{"rendered":"HA HYDRO"},"content":{"rendered":"<p data-start=\"296\" data-end=\"588\">HA HYDRO es un hidratante intensivo formulado para tratar pieles deshidratadas, con p\u00e9rdida de elasticidad, volumen y luminosidad. Recomendado en protocolos de rejuvenecimiento facial y corporal, potencia los resultados de procedimientos como mesoterapia, l\u00e1ser, peelings y rellenos d\u00e9rmicos.<\/p>\n<p data-start=\"590\" data-end=\"959\">Gracias a su \u00e1cido hialur\u00f3nico no reticulado, distribuye el agua de forma homog\u00e9nea en la dermis, restaurando la estructura cut\u00e1nea, mejorando la firmeza y reforzando la barrera protectora de la piel. Su acci\u00f3n regeneradora promueve una piel m\u00e1s tersa, flexible y resistente al envejecimiento prematuro, con una hidrataci\u00f3n duradera y una textura visiblemente mejorada.<\/p>\n<p data-start=\"961\" data-end=\"1029\"><strong data-start=\"961\" data-end=\"985\">Activos principales:<\/strong><br data-start=\"985\" data-end=\"988\" \/>\u00c1cido Hialur\u00f3nico no reticulado 18\u202fmg\/ml.<\/p>\n","protected":false},"excerpt":{"rendered":"<p data-start=\"219\" data-end=\"294\"><strong data-start=\"219\" data-end=\"294\">Hidrataci\u00f3n profunda y efecto tensor natural para una piel revitalizada<\/strong><\/p>\n<p data-start=\"296\" data-end=\"588\">\n","protected":false},"featured_media":588,"comment_status":"open","ping_status":"closed","template":"","meta":{"site-sidebar-layout":"default","site-content-layout":"","ast-site-content-layout":"","site-content-style":"default","site-sidebar-style":"default","ast-global-header-display":"","ast-banner-title-visibility":"","ast-main-header-display":"","ast-hfb-above-header-display":"","ast-hfb-below-header-display":"","ast-hfb-mobile-header-display":"","site-post-title":"","ast-breadcrumbs-content":"","ast-featured-img":"","footer-sml-layout":"","theme-transparent-header-meta":"","adv-header-id-meta":"","stick-header-meta":"","header-above-stick-meta":"","header-main-stick-meta":"","header-below-stick-meta":"","astra-migrate-meta-layouts":"default","ast-page-background-enabled":"default","ast-page-background-meta":{"desktop":{"background-color":"var(--ast-global-color-4)","background-image":"","background-repeat":"repeat","background-position":"center center","background-size":"auto","background-attachment":"scroll","background-type":"","background-media":"","overlay-type":"","overlay-color":"","overlay-opacity":"","overlay-gradient":""},"tablet":{"background-color":"","background-image":"","background-repeat":"repeat","background-position":"center center","background-size":"auto","background-attachment":"scroll","background-type":"","background-media":"","overlay-type":"","overlay-color":"","overlay-opacity":"","overlay-gradient":""},"mobile":{"background-color":"","background-image":"","background-repeat":"repeat","background-position":"center center","background-size":"auto","background-attachment":"scroll","background-type":"","background-media":"","overlay-type":"","overlay-color":"","overlay-opacity":"","overlay-gradient":""}},"ast-content-background-meta":{"desktop":{"background-color":"var(--ast-global-color-5)","background-image":"","background-repeat":"repeat","background-position":"center center","background-size":"auto","background-attachment":"scroll","background-type":"","background-media":"","overlay-type":"","overlay-color":"","overlay-opacity":"","overlay-gradient":""},"tablet":{"background-color":"var(--ast-global-color-5)","background-image":"","background-repeat":"repeat","background-position":"center center","background-size":"auto","background-attachment":"scroll","background-type":"","background-media":"","overlay-type":"","overlay-color":"","overlay-opacity":"","overlay-gradient":""},"mobile":{"background-color":"var(--ast-global-color-5)","background-image":"","background-repeat":"repeat","background-position":"center center","background-size":"auto","background-attachment":"scroll","background-type":"","background-media":"","overlay-type":"","overlay-color":"","overlay-opacity":"","overlay-gradient":""}}},"product_brand":[],"product_cat":[15],"product_tag":[],"class_list":{"0":"post-569","1":"product","2":"type-product","3":"status-publish","4":"has-post-thumbnail","6":"product_cat-todos","7":"desktop-align-center","8":"tablet-align-center","9":"mobile-align-center","11":"first","12":"instock","13":"shipping-taxable","14":"product-type-simple"},"_links":{"self":[{"href":"https:\/\/bioclinic.yousoftcompany.com\/test2\/wp-json\/wp\/v2\/product\/569","targetHints":{"allow":["GET"]}}],"collection":[{"href":"https:\/\/bioclinic.yousoftcompany.com\/test2\/wp-json\/wp\/v2\/product"}],"about":[{"href":"https:\/\/bioclinic.yousoftcompany.com\/test2\/wp-json\/wp\/v2\/types\/product"}],"replies":[{"embeddable":true,"href":"https:\/\/bioclinic.yousoftcompany.com\/test2\/wp-json\/wp\/v2\/comments?post=569"}],"wp:featuredmedia":[{"embeddable":true,"href":"https:\/\/bioclinic.yousoftcompany.com\/test2\/wp-json\/wp\/v2\/media\/588"}],"wp:attachment":[{"href":"https:\/\/bioclinic.yousoftcompany.com\/test2\/wp-json\/wp\/v2\/media?parent=569"}],"wp:term":[{"taxonomy":"product_brand","embeddable":true,"href":"https:\/\/bioclinic.yousoftcompany.com\/test2\/wp-json\/wp\/v2\/product_brand?post=569"},{"taxonomy":"product_cat","embeddable":true,"href":"https:\/\/bioclinic.yousoftcompany.com\/test2\/wp-json\/wp\/v2\/product_cat?post=569"},{"taxonomy":"product_tag","embeddable":true,"href":"https:\/\/bioclinic.yousoftcompany.com\/test2\/wp-json\/wp\/v2\/product_tag?post=569"}],"curies":[{"name":"wp","href":"https:\/\/api.w.org\/{rel}","templated":true}]}}